{"id":583,"date":"2019-03-26T18:41:44","date_gmt":"2019-03-26T17:41:44","guid":{"rendered":"https:\/\/www.djahiz.fr\/?page_id=583"},"modified":"2024-07-08T12:36:06","modified_gmt":"2024-07-08T11:36:06","slug":"actus","status":"publish","type":"page","link":"https:\/\/www.djahiz.fr\/?page_id=583","title":{"rendered":"ACTUS"},"content":{"rendered":"\n<blockquote class=\"wp-block-quote is-layout-flow wp-block-quote-is-layout-flow\">\n<p class=\"has-text-align-left has-medium-font-size\">Du 1er mai au 30 juin 2024 &#8211; <strong>Ch\u00e8re Insaisissable<\/strong> de et avec <strong>Sophie Tellier<\/strong> au Th\u00e9\u00e2tre du Lucernaire \/ mise en sc\u00e8ne Jean-Luc Revol<\/p>\n\n\n\n<figure class=\"wp-block-image size-full is-resized\"><a href=\"https:\/\/www.djahiz.fr\/wp-content\/uploads\/2024\/07\/421973469_1608556859920311_1178788489638316482_n.jpg\"><img loading=\"lazy\" decoding=\"async\" width=\"640\" height=\"960\" src=\"https:\/\/www.djahiz.fr\/wp-content\/uploads\/2024\/07\/421973469_1608556859920311_1178788489638316482_n.jpg\" alt=\"\" class=\"wp-image-771\" style=\"width:712px;height:auto\" srcset=\"https:\/\/www.djahiz.fr\/wp-content\/uploads\/2024\/07\/421973469_1608556859920311_1178788489638316482_n.jpg 640w, https:\/\/www.djahiz.fr\/wp-content\/uploads\/2024\/07\/421973469_1608556859920311_1178788489638316482_n-200x300.jpg 200w\" sizes=\"auto, (max-width: 640px) 100vw, 640px\" \/><\/a><\/figure>\n\n\n\n<div class=\"wp-block-group alignfull\"><div class=\"wp-block-group__inner-container is-layout-constrained wp-block-group-is-layout-constrained\"><\/div><\/div>\n<\/blockquote>\n\n\n\n<figure class=\"wp-block-gallery has-nested-images columns-default is-cropped wp-block-gallery-1 is-layout-flex wp-block-gallery-is-layout-flex\">\n<figure class=\"wp-block-image size-large\"><a href=\"https:\/\/www.djahiz.fr\/wp-content\/uploads\/2024\/07\/SOPHIE-T-recadre_CED3753-scaled.jpg\"><img loading=\"lazy\" decoding=\"async\" width=\"683\" height=\"1024\" data-id=\"744\" src=\"https:\/\/www.djahiz.fr\/wp-content\/uploads\/2024\/07\/SOPHIE-T-recadre_CED3753-683x1024.jpg\" alt=\"\" class=\"wp-image-744\" srcset=\"https:\/\/www.djahiz.fr\/wp-content\/uploads\/2024\/07\/SOPHIE-T-recadre_CED3753-683x1024.jpg 683w, https:\/\/www.djahiz.fr\/wp-content\/uploads\/2024\/07\/SOPHIE-T-recadre_CED3753-200x300.jpg 200w, https:\/\/www.djahiz.fr\/wp-content\/uploads\/2024\/07\/SOPHIE-T-recadre_CED3753-768x1152.jpg 768w, https:\/\/www.djahiz.fr\/wp-content\/uploads\/2024\/07\/SOPHIE-T-recadre_CED3753-1024x1536.jpg 1024w, https:\/\/www.djahiz.fr\/wp-content\/uploads\/2024\/07\/SOPHIE-T-recadre_CED3753-1365x2048.jpg 1365w, https:\/\/www.djahiz.fr\/wp-content\/uploads\/2024\/07\/SOPHIE-T-recadre_CED3753-scaled.jpg 1707w\" sizes=\"auto, (max-width: 683px) 100vw, 683px\" \/><\/a><figcaption class=\"wp-element-caption\">Ch\u00e8re Insaisissable<\/figcaption><\/figure>\n\n\n\n<figure class=\"wp-block-image size-large\"><a href=\"https:\/\/www.djahiz.fr\/wp-content\/uploads\/2024\/07\/SOPHIE-T_CED2107-scaled.jpg\"><img loading=\"lazy\" decoding=\"async\" width=\"683\" height=\"1024\" data-id=\"745\" src=\"https:\/\/www.djahiz.fr\/wp-content\/uploads\/2024\/07\/SOPHIE-T_CED2107-683x1024.jpg\" alt=\"\" class=\"wp-image-745\" srcset=\"https:\/\/www.djahiz.fr\/wp-content\/uploads\/2024\/07\/SOPHIE-T_CED2107-683x1024.jpg 683w, https:\/\/www.djahiz.fr\/wp-content\/uploads\/2024\/07\/SOPHIE-T_CED2107-200x300.jpg 200w, https:\/\/www.djahiz.fr\/wp-content\/uploads\/2024\/07\/SOPHIE-T_CED2107-768x1152.jpg 768w, https:\/\/www.djahiz.fr\/wp-content\/uploads\/2024\/07\/SOPHIE-T_CED2107-1024x1536.jpg 1024w, https:\/\/www.djahiz.fr\/wp-content\/uploads\/2024\/07\/SOPHIE-T_CED2107-1365x2048.jpg 1365w, https:\/\/www.djahiz.fr\/wp-content\/uploads\/2024\/07\/SOPHIE-T_CED2107-scaled.jpg 1707w\" sizes=\"auto, (max-width: 683px) 100vw, 683px\" \/><\/a><figcaption class=\"wp-element-caption\">Ch\u00e8re Insaisissable<\/figcaption><\/figure>\n\n\n\n<figure class=\"wp-block-image size-large\"><a href=\"https:\/\/www.djahiz.fr\/wp-content\/uploads\/2024\/07\/IMG_24161.jpg\"><img loading=\"lazy\" decoding=\"async\" width=\"928\" height=\"892\" data-id=\"747\" src=\"https:\/\/www.djahiz.fr\/wp-content\/uploads\/2024\/07\/IMG_24161.jpg\" alt=\"\" class=\"wp-image-747\" srcset=\"https:\/\/www.djahiz.fr\/wp-content\/uploads\/2024\/07\/IMG_24161.jpg 928w, https:\/\/www.djahiz.fr\/wp-content\/uploads\/2024\/07\/IMG_24161-300x288.jpg 300w, https:\/\/www.djahiz.fr\/wp-content\/uploads\/2024\/07\/IMG_24161-768x738.jpg 768w\" sizes=\"auto, (max-width: 928px) 100vw, 928px\" \/><\/a><figcaption class=\"wp-element-caption\">Ch\u00e8re Insaisissable<\/figcaption><\/figure>\n<\/figure>\n\n\n\n<figure class=\"wp-block-video\"><video height=\"1080\" style=\"aspect-ratio: 1920 \/ 1080;\" width=\"1920\" controls src=\"https:\/\/www.djahiz.fr\/wp-content\/uploads\/2024\/07\/Teaser-1m20_Insaisissable.mp4\"><\/video><\/figure>\n\n\n\n<p class=\"has-medium-font-size\">Du 26 janvier au 16 avril, <strong>Sacr\u00e9 Pan ! <\/strong>au th\u00e9\u00e2tre des Vari\u00e9t\u00e9s<\/p>\n\n\n\n<figure class=\"wp-block-image size-full is-resized\"><a href=\"https:\/\/www.djahiz.fr\/wp-content\/uploads\/2024\/07\/415819454_865093658952050_4844007224747155486_n.jpg\"><img loading=\"lazy\" decoding=\"async\" width=\"425\" height=\"600\" src=\"https:\/\/www.djahiz.fr\/wp-content\/uploads\/2024\/07\/415819454_865093658952050_4844007224747155486_n.jpg\" alt=\"\" class=\"wp-image-754\" style=\"width:759px;height:auto\" srcset=\"https:\/\/www.djahiz.fr\/wp-content\/uploads\/2024\/07\/415819454_865093658952050_4844007224747155486_n.jpg 425w, https:\/\/www.djahiz.fr\/wp-content\/uploads\/2024\/07\/415819454_865093658952050_4844007224747155486_n-213x300.jpg 213w\" sizes=\"auto, (max-width: 425px) 100vw, 425px\" \/><\/a><figcaption class=\"wp-element-caption\">Sacr\u00e9 Pan !<\/figcaption><\/figure>\n\n\n\n<figure class=\"wp-block-gallery has-nested-images columns-default is-cropped wp-block-gallery-2 is-layout-flex wp-block-gallery-is-layout-flex\">\n<figure class=\"wp-block-image size-large\"><a href=\"https:\/\/www.djahiz.fr\/wp-content\/uploads\/2024\/07\/Photo-debut-Insta.jpg\"><img loading=\"lazy\" decoding=\"async\" width=\"1024\" height=\"1024\" data-id=\"749\" src=\"https:\/\/www.djahiz.fr\/wp-content\/uploads\/2024\/07\/Photo-debut-Insta-1024x1024.jpg\" alt=\"\" class=\"wp-image-749\" srcset=\"https:\/\/www.djahiz.fr\/wp-content\/uploads\/2024\/07\/Photo-debut-Insta-1024x1024.jpg 1024w, https:\/\/www.djahiz.fr\/wp-content\/uploads\/2024\/07\/Photo-debut-Insta-300x300.jpg 300w, https:\/\/www.djahiz.fr\/wp-content\/uploads\/2024\/07\/Photo-debut-Insta-150x150.jpg 150w, https:\/\/www.djahiz.fr\/wp-content\/uploads\/2024\/07\/Photo-debut-Insta-768x768.jpg 768w, https:\/\/www.djahiz.fr\/wp-content\/uploads\/2024\/07\/Photo-debut-Insta-640x640.jpg 640w, https:\/\/www.djahiz.fr\/wp-content\/uploads\/2024\/07\/Photo-debut-Insta.jpg 1080w\" sizes=\"auto, (max-width: 1024px) 100vw, 1024px\" \/><\/a><figcaption class=\"wp-element-caption\">Sacr\u00e9 Pan !<\/figcaption><\/figure>\n\n\n\n<figure class=\"wp-block-image size-large\"><a href=\"https:\/\/www.djahiz.fr\/wp-content\/uploads\/2024\/07\/240126_RdL_0585-scaled.jpg\"><img loading=\"lazy\" decoding=\"async\" width=\"1024\" height=\"683\" data-id=\"752\" src=\"https:\/\/www.djahiz.fr\/wp-content\/uploads\/2024\/07\/240126_RdL_0585-1024x683.jpg\" alt=\"\" class=\"wp-image-752\" srcset=\"https:\/\/www.djahiz.fr\/wp-content\/uploads\/2024\/07\/240126_RdL_0585-1024x683.jpg 1024w, https:\/\/www.djahiz.fr\/wp-content\/uploads\/2024\/07\/240126_RdL_0585-300x200.jpg 300w, https:\/\/www.djahiz.fr\/wp-content\/uploads\/2024\/07\/240126_RdL_0585-768x512.jpg 768w, https:\/\/www.djahiz.fr\/wp-content\/uploads\/2024\/07\/240126_RdL_0585-1536x1025.jpg 1536w, https:\/\/www.djahiz.fr\/wp-content\/uploads\/2024\/07\/240126_RdL_0585-2048x1366.jpg 2048w, https:\/\/www.djahiz.fr\/wp-content\/uploads\/2024\/07\/240126_RdL_0585-1200x800.jpg 1200w\" sizes=\"auto, (max-width: 1024px) 100vw, 1024px\" \/><\/a><figcaption class=\"wp-element-caption\">Sacr\u00e9 Pan !<\/figcaption><\/figure>\n\n\n\n<figure class=\"wp-block-image size-large\"><a href=\"https:\/\/www.djahiz.fr\/wp-content\/uploads\/2024\/07\/Edouard-Insta.jpg\"><img loading=\"lazy\" decoding=\"async\" width=\"1024\" height=\"1024\" data-id=\"753\" src=\"https:\/\/www.djahiz.fr\/wp-content\/uploads\/2024\/07\/Edouard-Insta-1024x1024.jpg\" alt=\"\" class=\"wp-image-753\" srcset=\"https:\/\/www.djahiz.fr\/wp-content\/uploads\/2024\/07\/Edouard-Insta-1024x1024.jpg 1024w, https:\/\/www.djahiz.fr\/wp-content\/uploads\/2024\/07\/Edouard-Insta-300x300.jpg 300w, https:\/\/www.djahiz.fr\/wp-content\/uploads\/2024\/07\/Edouard-Insta-150x150.jpg 150w, https:\/\/www.djahiz.fr\/wp-content\/uploads\/2024\/07\/Edouard-Insta-768x768.jpg 768w, https:\/\/www.djahiz.fr\/wp-content\/uploads\/2024\/07\/Edouard-Insta-640x640.jpg 640w, https:\/\/www.djahiz.fr\/wp-content\/uploads\/2024\/07\/Edouard-Insta.jpg 1080w\" sizes=\"auto, (max-width: 1024px) 100vw, 1024px\" \/><\/a><figcaption class=\"wp-element-caption\">Sacr\u00e9 Pan !<\/figcaption><\/figure>\n<\/figure>\n\n\n\n<figure class=\"wp-block-video\"><video height=\"1080\" style=\"aspect-ratio: 1920 \/ 1080;\" width=\"1920\" controls src=\"https:\/\/www.djahiz.fr\/wp-content\/uploads\/2024\/07\/BANDE-ANNONCE-SACRE-PAN1080p.mp4\"><\/video><\/figure>\n\n\n\n<p class=\"has-medium-font-size\">R\u00e9sidence du Carnaval de Touma\u00ef<\/p>\n\n\n\n<figure class=\"wp-block-gallery has-nested-images columns-default is-cropped wp-block-gallery-3 is-layout-flex wp-block-gallery-is-layout-flex\">\n<figure class=\"wp-block-image size-large\"><a href=\"https:\/\/www.djahiz.fr\/wp-content\/uploads\/2024\/07\/IMG_0666-scaled.jpeg\"><img loading=\"lazy\" decoding=\"async\" width=\"768\" height=\"1024\" data-id=\"1005\" src=\"https:\/\/www.djahiz.fr\/wp-content\/uploads\/2024\/07\/IMG_0666-768x1024.jpeg\" alt=\"\" class=\"wp-image-1005\" srcset=\"https:\/\/www.djahiz.fr\/wp-content\/uploads\/2024\/07\/IMG_0666-768x1024.jpeg 768w, https:\/\/www.djahiz.fr\/wp-content\/uploads\/2024\/07\/IMG_0666-225x300.jpeg 225w, https:\/\/www.djahiz.fr\/wp-content\/uploads\/2024\/07\/IMG_0666-1152x1536.jpeg 1152w, https:\/\/www.djahiz.fr\/wp-content\/uploads\/2024\/07\/IMG_0666-1536x2048.jpeg 1536w, https:\/\/www.djahiz.fr\/wp-content\/uploads\/2024\/07\/IMG_0666-scaled.jpeg 1920w\" sizes=\"auto, (max-width: 768px) 100vw, 768px\" \/><\/a><figcaption class=\"wp-element-caption\">Le Carnaval de Touma\u00ef<\/figcaption><\/figure>\n\n\n\n<figure class=\"wp-block-image size-large\"><a href=\"https:\/\/www.djahiz.fr\/wp-content\/uploads\/2024\/07\/IMG_0655-scaled.jpeg\"><img loading=\"lazy\" decoding=\"async\" width=\"1024\" height=\"768\" data-id=\"1003\" src=\"https:\/\/www.djahiz.fr\/wp-content\/uploads\/2024\/07\/IMG_0655-1024x768.jpeg\" alt=\"\" class=\"wp-image-1003\" srcset=\"https:\/\/www.djahiz.fr\/wp-content\/uploads\/2024\/07\/IMG_0655-1024x768.jpeg 1024w, https:\/\/www.djahiz.fr\/wp-content\/uploads\/2024\/07\/IMG_0655-300x225.jpeg 300w, https:\/\/www.djahiz.fr\/wp-content\/uploads\/2024\/07\/IMG_0655-768x576.jpeg 768w, https:\/\/www.djahiz.fr\/wp-content\/uploads\/2024\/07\/IMG_0655-1536x1152.jpeg 1536w, https:\/\/www.djahiz.fr\/wp-content\/uploads\/2024\/07\/IMG_0655-2048x1536.jpeg 2048w\" sizes=\"auto, (max-width: 1024px) 100vw, 1024px\" \/><\/a><figcaption class=\"wp-element-caption\">Le Carnaval de Touma\u00ef<\/figcaption><\/figure>\n\n\n\n<figure class=\"wp-block-image size-large\"><a href=\"https:\/\/www.djahiz.fr\/wp-content\/uploads\/2024\/07\/IMG_0617-scaled.jpeg\"><img loading=\"lazy\" decoding=\"async\" width=\"768\" height=\"1024\" data-id=\"1000\" src=\"https:\/\/www.djahiz.fr\/wp-content\/uploads\/2024\/07\/IMG_0617-768x1024.jpeg\" alt=\"\" class=\"wp-image-1000\" srcset=\"https:\/\/www.djahiz.fr\/wp-content\/uploads\/2024\/07\/IMG_0617-768x1024.jpeg 768w, https:\/\/www.djahiz.fr\/wp-content\/uploads\/2024\/07\/IMG_0617-225x300.jpeg 225w, https:\/\/www.djahiz.fr\/wp-content\/uploads\/2024\/07\/IMG_0617-1152x1536.jpeg 1152w, https:\/\/www.djahiz.fr\/wp-content\/uploads\/2024\/07\/IMG_0617-1536x2048.jpeg 1536w, https:\/\/www.djahiz.fr\/wp-content\/uploads\/2024\/07\/IMG_0617-scaled.jpeg 1920w\" sizes=\"auto, (max-width: 768px) 100vw, 768px\" \/><\/a><figcaption class=\"wp-element-caption\">Le Carnaval de Touma\u00ef<\/figcaption><\/figure>\n\n\n\n<figure class=\"wp-block-image size-large\"><a href=\"https:\/\/www.djahiz.fr\/wp-content\/uploads\/2024\/07\/Affiche-Toumai-scaled.jpg\"><img loading=\"lazy\" decoding=\"async\" width=\"782\" height=\"1024\" data-id=\"999\" src=\"https:\/\/www.djahiz.fr\/wp-content\/uploads\/2024\/07\/Affiche-Toumai-782x1024.jpg\" alt=\"\" class=\"wp-image-999\" srcset=\"https:\/\/www.djahiz.fr\/wp-content\/uploads\/2024\/07\/Affiche-Toumai-782x1024.jpg 782w, https:\/\/www.djahiz.fr\/wp-content\/uploads\/2024\/07\/Affiche-Toumai-229x300.jpg 229w, https:\/\/www.djahiz.fr\/wp-content\/uploads\/2024\/07\/Affiche-Toumai-768x1005.jpg 768w, https:\/\/www.djahiz.fr\/wp-content\/uploads\/2024\/07\/Affiche-Toumai-1173x1536.jpg 1173w, https:\/\/www.djahiz.fr\/wp-content\/uploads\/2024\/07\/Affiche-Toumai-1565x2048.jpg 1565w, https:\/\/www.djahiz.fr\/wp-content\/uploads\/2024\/07\/Affiche-Toumai-scaled.jpg 1956w\" sizes=\"auto, (max-width: 782px) 100vw, 782px\" \/><\/a><figcaption class=\"wp-element-caption\">Le Carnaval de Touma\u00ef<\/figcaption><\/figure>\n<\/figure>\n\n\n\n<figure class=\"wp-block-video\"><video height=\"2160\" style=\"aspect-ratio: 3840 \/ 2160;\" width=\"3840\" controls src=\"https:\/\/www.djahiz.fr\/wp-content\/uploads\/2024\/07\/teaser-Toumai.mp4\"><\/video><\/figure>\n","protected":false},"excerpt":{"rendered":"<p>Du 26 janvier au 16 avril, Sacr\u00e9 Pan ! au th\u00e9\u00e2tre des Vari\u00e9t\u00e9s R\u00e9sidence du Carnaval de Touma\u00ef<\/p>\n","protected":false},"author":2,"featured_media":0,"parent":0,"menu_order":0,"comment_status":"closed","ping_status":"closed","template":"","meta":{"footnotes":""},"class_list":["post-583","page","type-page","status-publish","hentry"],"_links":{"self":[{"href":"https:\/\/www.djahiz.fr\/index.php?rest_route=\/wp\/v2\/pages\/583","targetHints":{"allow":["GET"]}}],"collection":[{"href":"https:\/\/www.djahiz.fr\/index.php?rest_route=\/wp\/v2\/pages"}],"about":[{"href":"https:\/\/www.djahiz.fr\/index.php?rest_route=\/wp\/v2\/types\/page"}],"author":[{"embeddable":true,"href":"https:\/\/www.djahiz.fr\/index.php?rest_route=\/wp\/v2\/users\/2"}],"replies":[{"embeddable":true,"href":"https:\/\/www.djahiz.fr\/index.php?rest_route=%2Fwp%2Fv2%2Fcomments&post=583"}],"version-history":[{"count":21,"href":"https:\/\/www.djahiz.fr\/index.php?rest_route=\/wp\/v2\/pages\/583\/revisions"}],"predecessor-version":[{"id":1033,"href":"https:\/\/www.djahiz.fr\/index.php?rest_route=\/wp\/v2\/pages\/583\/revisions\/1033"}],"wp:attachment":[{"href":"https:\/\/www.djahiz.fr\/index.php?rest_route=%2Fwp%2Fv2%2Fmedia&parent=583"}],"curies":[{"name":"wp","href":"https:\/\/api.w.org\/{rel}","templated":true}]}}