{"id":610,"date":"2019-03-26T19:05:35","date_gmt":"2019-03-26T18:05:35","guid":{"rendered":"https:\/\/www.djahiz.fr\/?page_id=610"},"modified":"2019-03-26T20:37:43","modified_gmt":"2019-03-26T19:37:43","slug":"film","status":"publish","type":"page","link":"https:\/\/www.djahiz.fr\/?page_id=610","title":{"rendered":"FILM"},"content":{"rendered":"\n<h3 class=\"wp-block-heading\">BANDE D\u00c9MO<\/h3>\n\n\n\n<figure class=\"wp-block-embed-vimeo aligncenter wp-block-embed is-type-video is-provider-vimeo wp-embed-aspect-16-9 wp-has-aspect-ratio\"><div class=\"wp-block-embed__wrapper\">\n<iframe loading=\"lazy\" src=\"https:\/\/player.vimeo.com\/video\/212562646?dnt=1&#038;app_id=122963\" width=\"760\" height=\"428\" frameborder=\"0\" title=\"BANDE DEMO DJAHIZ GIL 2018\" allow=\"autoplay; fullscreen\" allowfullscreen><\/iframe>\n<\/div><figcaption><strong> BANDE D\u00c9MO DJAHIZ GIL <\/strong><\/figcaption><\/figure>\n\n\n\n<h4 class=\"wp-block-heading\">D\u00c9PART(S) d&rsquo;Audrey Bondurand<\/h4>\n\n\n\n<figure class=\"wp-block-embed-youtube wp-block-embed is-type-video is-provider-youtube wp-embed-aspect-16-9 wp-has-aspect-ratio\"><div class=\"wp-block-embed__wrapper\">\n<iframe loading=\"lazy\" width=\"760\" height=\"428\" src=\"https:\/\/www.youtube.com\/embed\/UWLRqocEUfY?feature=oembed\" frameborder=\"0\" allow=\"accelerometer; autoplay; encrypted-media; gyroscope; picture-in-picture\" allowfullscreen><\/iframe>\n<\/div><figcaption> <strong>D\u00c9PART(S) d&rsquo;Audrey Bondurand <\/strong><\/figcaption><\/figure>\n\n\n\n<h4 class=\"wp-block-heading\">ARTEMIS C\u0152UR D&rsquo;ARTICHAUD &#8211; Extrait Court-M\u00e9trage Hubert VIEL &#8211; 2012 <\/h4>\n\n\n\n<figure class=\"wp-block-embed-vimeo wp-block-embed is-type-video is-provider-vimeo wp-embed-aspect-1-1 wp-has-aspect-ratio\"><div class=\"wp-block-embed__wrapper\">\n<iframe loading=\"lazy\" src=\"https:\/\/player.vimeo.com\/video\/68010383?dnt=1&#038;app_id=122963\" width=\"600\" height=\"480\" frameborder=\"0\" title=\"Art&eacute;mis Coeur d&#039;Artichaut - Extrait 2\" allow=\"autoplay; fullscreen\" allowfullscreen><\/iframe>\n<\/div><figcaption><strong>ARTEMIS C\u0152UR D&rsquo;ARTICHAUD &#8211; Extrait Court-M\u00e9trage Hubert VIEL &#8211; 2012 <\/strong><\/figcaption><\/figure>\n","protected":false},"excerpt":{"rendered":"<p>BANDE D\u00c9MO D\u00c9PART(S) d&rsquo;Audrey Bondurand ARTEMIS C\u0152UR D&rsquo;ARTICHAUD &#8211; Extrait Court-M\u00e9trage Hubert VIEL &#8211; 2012<\/p>\n","protected":false},"author":2,"featured_media":0,"parent":585,"menu_order":0,"comment_status":"closed","ping_status":"closed","template":"","meta":{"footnotes":""},"class_list":["post-610","page","type-page","status-publish","hentry"],"_links":{"self":[{"href":"https:\/\/www.djahiz.fr\/index.php?rest_route=\/wp\/v2\/pages\/610","targetHints":{"allow":["GET"]}}],"collection":[{"href":"https:\/\/www.djahiz.fr\/index.php?rest_route=\/wp\/v2\/pages"}],"about":[{"href":"https:\/\/www.djahiz.fr\/index.php?rest_route=\/wp\/v2\/types\/page"}],"author":[{"embeddable":true,"href":"https:\/\/www.djahiz.fr\/index.php?rest_route=\/wp\/v2\/users\/2"}],"replies":[{"embeddable":true,"href":"https:\/\/www.djahiz.fr\/index.php?rest_route=%2Fwp%2Fv2%2Fcomments&post=610"}],"version-history":[{"count":7,"href":"https:\/\/www.djahiz.fr\/index.php?rest_route=\/wp\/v2\/pages\/610\/revisions"}],"predecessor-version":[{"id":648,"href":"https:\/\/www.djahiz.fr\/index.php?rest_route=\/wp\/v2\/pages\/610\/revisions\/648"}],"up":[{"embeddable":true,"href":"https:\/\/www.djahiz.fr\/index.php?rest_route=\/wp\/v2\/pages\/585"}],"wp:attachment":[{"href":"https:\/\/www.djahiz.fr\/index.php?rest_route=%2Fwp%2Fv2%2Fmedia&parent=610"}],"curies":[{"name":"wp","href":"https:\/\/api.w.org\/{rel}","templated":true}]}}