{"id":611,"date":"2019-03-26T19:05:35","date_gmt":"2019-03-26T18:05:35","guid":{"rendered":"https:\/\/www.djahiz.fr\/?page_id=611"},"modified":"2019-03-26T19:55:56","modified_gmt":"2019-03-26T18:55:56","slug":"theatre","status":"publish","type":"page","link":"https:\/\/www.djahiz.fr\/?page_id=611","title":{"rendered":"TH\u00c9\u00c2TRE"},"content":{"rendered":"\n<h4 class=\"wp-block-heading\">LE PARADIS DU PARASITE \/\/ TEASER<\/h4>\n\n\n\n<figure class=\"wp-block-embed-youtube wp-block-embed is-type-video is-provider-youtube wp-embed-aspect-16-9 wp-has-aspect-ratio\"><div class=\"wp-block-embed__wrapper\">\n<iframe loading=\"lazy\" title=\"Le Paradis du parasite - Bande annonce\" width=\"760\" height=\"428\" src=\"https:\/\/www.youtube.com\/embed\/gmChQpo1d1M?feature=oembed\" frameborder=\"0\" allow=\"accelerometer; autoplay; clipboard-write; encrypted-media; gyroscope; picture-in-picture; web-share\" referrerpolicy=\"strict-origin-when-cross-origin\" allowfullscreen><\/iframe>\n<\/div><figcaption><strong> <br>LE PARADIS DU PARASITE \/\/ TEASER <\/strong><\/figcaption><\/figure>\n\n\n\n<h4 class=\"wp-block-heading\">L&rsquo;AVARE DE MOLI\u00c8RE &#8211; TH\u00c9\u00c2TRE DE L\u2019\u00c9CHO DU ROBEC (76) &#8211; NOVEMBRE 2014<\/h4>\n\n\n\n<figure class=\"wp-block-embed-youtube wp-block-embed is-type-video is-provider-youtube wp-embed-aspect-16-9 wp-has-aspect-ratio\"><div class=\"wp-block-embed__wrapper\">\n<iframe loading=\"lazy\" title=\"L&#039;Avare de Moli\u00e8re - Th\u00e9atre de l \u00e9cho du robec - Darn\u00e9tal\" width=\"760\" height=\"428\" src=\"https:\/\/www.youtube.com\/embed\/W7FggvwCTjk?feature=oembed\" frameborder=\"0\" allow=\"accelerometer; autoplay; clipboard-write; encrypted-media; gyroscope; picture-in-picture; web-share\" referrerpolicy=\"strict-origin-when-cross-origin\" allowfullscreen><\/iframe>\n<\/div><figcaption><strong> <br>L&rsquo;AVARE DE MOLI\u00c8RE &#8211; TH\u00c9\u00c2TRE DE L\u2019\u00c9CHO DU ROBEC (76) &#8211; NOVEMBRE 2014 <\/strong><\/figcaption><\/figure>\n\n\n\n<h4 class=\"wp-block-heading\">REPORTAGE FRANCE 3 &#8211; L&rsquo;AVARE &#8211; MARS 2014<\/h4>\n\n\n\n<figure class=\"wp-block-embed-youtube wp-block-embed is-type-video is-provider-youtube wp-embed-aspect-16-9 wp-has-aspect-ratio\"><div class=\"wp-block-embed__wrapper\">\n<iframe loading=\"lazy\" title=\"L&#039;avare \u00e0 l&#039;Echo du Robec\" width=\"760\" height=\"428\" src=\"https:\/\/www.youtube.com\/embed\/xaz6CHdh3F0?feature=oembed\" frameborder=\"0\" allow=\"accelerometer; autoplay; clipboard-write; encrypted-media; gyroscope; picture-in-picture; web-share\" referrerpolicy=\"strict-origin-when-cross-origin\" allowfullscreen><\/iframe>\n<\/div><figcaption> <br>REPORTAGE FRANCE 3 &#8211; L&rsquo;AVARE &#8211; MARS 2014 <\/figcaption><\/figure>\n\n\n\n<h4 class=\"wp-block-heading\">LE VOYAGE DE MONSIEUR PERRICHON, de LABICHE &#8211; TEASER 2010<\/h4>\n\n\n\n<figure class=\"wp-block-embed-youtube wp-block-embed is-type-video is-provider-youtube wp-embed-aspect-16-9 wp-has-aspect-ratio\"><div class=\"wp-block-embed__wrapper\">\n<iframe loading=\"lazy\" title=\"Le Voyage de Monsieur PERRICHON\" width=\"760\" height=\"428\" src=\"https:\/\/www.youtube.com\/embed\/ZKH-Gw232gA?feature=oembed\" frameborder=\"0\" allow=\"accelerometer; autoplay; clipboard-write; encrypted-media; gyroscope; picture-in-picture; web-share\" referrerpolicy=\"strict-origin-when-cross-origin\" allowfullscreen><\/iframe>\n<\/div><figcaption> <br>LE VOYAGE DE MONSIEUR PERRICHON, de LABICHE &#8211; TEASER 2010 <\/figcaption><\/figure>\n\n\n\n<h4 class=\"wp-block-heading\">ALICE &#8211; Cie LA GARGOUILLE &#8211; AIRE FALGUIERE &#8211; 2008<\/h4>\n\n\n\n<figure class=\"wp-block-embed-youtube wp-block-embed is-type-video is-provider-youtube wp-embed-aspect-4-3 wp-has-aspect-ratio\"><div class=\"wp-block-embed__wrapper\">\n<iframe loading=\"lazy\" title=\"Bande Annonce ALICE Th\u00e9\u00e2tre Providence\" width=\"760\" height=\"570\" src=\"https:\/\/www.youtube.com\/embed\/TH2GOTw-nq4?feature=oembed\" frameborder=\"0\" allow=\"accelerometer; autoplay; clipboard-write; encrypted-media; gyroscope; picture-in-picture; web-share\" referrerpolicy=\"strict-origin-when-cross-origin\" allowfullscreen><\/iframe>\n<\/div><figcaption> <br><strong>ALICE &#8211; Cie LA GARGOUILLE &#8211; AIRE FALGUIERE &#8211; 2008 <\/strong><\/figcaption><\/figure>\n\n\n\n<h4 class=\"wp-block-heading\">L&rsquo;AVARE DE MOLI\u00c8RE &#8211; TH\u00c9\u00c2TRE DU NORD OUEST &#8211; 2008<\/h4>\n\n\n\n<figure class=\"wp-block-embed-dailymotion wp-block-embed is-type-video is-provider-dailymotion wp-embed-aspect-4-3 wp-has-aspect-ratio\"><div class=\"wp-block-embed__wrapper\">\n<iframe loading=\"lazy\" frameborder=\"0\" width=\"760\" height=\"570\" src=\"https:\/\/www.dailymotion.com\/embed\/video\/x8gram\" allowfullscreen allow=\"autoplay\"><\/iframe>\n<\/div><figcaption><strong> <br>L&rsquo;AVARE DE MOLI\u00c8RE &#8211; TH\u00c9\u00c2TRE DU NORD OUEST &#8211; 2008 <\/strong><\/figcaption><\/figure>\n","protected":false},"excerpt":{"rendered":"<p>LE PARADIS DU PARASITE \/\/ TEASER L&rsquo;AVARE DE MOLI\u00c8RE &#8211; TH\u00c9\u00c2TRE DE L\u2019\u00c9CHO DU ROBEC (76) &#8211; NOVEMBRE 2014 REPORTAGE FRANCE 3 &#8211; L&rsquo;AVARE &#8211; MARS 2014 LE VOYAGE DE MONSIEUR PERRICHON, de LABICHE &#8211; TEASER 2010 ALICE &#8211; Cie LA GARGOUILLE &#8211; AIRE FALGUIERE &#8211; 2008 L&rsquo;AVARE DE MOLI\u00c8RE &#8211; TH\u00c9\u00c2TRE DU NORD OUEST &hellip; <\/p>\n<p class=\"link-more\"><a href=\"https:\/\/www.djahiz.fr\/?page_id=611\" class=\"more-link\">Continue reading<span class=\"screen-reader-text\"> \u00ab\u00a0TH\u00c9\u00c2TRE\u00a0\u00bb<\/span><\/a><\/p>\n","protected":false},"author":2,"featured_media":0,"parent":585,"menu_order":0,"comment_status":"closed","ping_status":"closed","template":"","meta":{"footnotes":""},"class_list":["post-611","page","type-page","status-publish","hentry"],"_links":{"self":[{"href":"https:\/\/www.djahiz.fr\/index.php?rest_route=\/wp\/v2\/pages\/611","targetHints":{"allow":["GET"]}}],"collection":[{"href":"https:\/\/www.djahiz.fr\/index.php?rest_route=\/wp\/v2\/pages"}],"about":[{"href":"https:\/\/www.djahiz.fr\/index.php?rest_route=\/wp\/v2\/types\/page"}],"author":[{"embeddable":true,"href":"https:\/\/www.djahiz.fr\/index.php?rest_route=\/wp\/v2\/users\/2"}],"replies":[{"embeddable":true,"href":"https:\/\/www.djahiz.fr\/index.php?rest_route=%2Fwp%2Fv2%2Fcomments&post=611"}],"version-history":[{"count":2,"href":"https:\/\/www.djahiz.fr\/index.php?rest_route=\/wp\/v2\/pages\/611\/revisions"}],"predecessor-version":[{"id":637,"href":"https:\/\/www.djahiz.fr\/index.php?rest_route=\/wp\/v2\/pages\/611\/revisions\/637"}],"up":[{"embeddable":true,"href":"https:\/\/www.djahiz.fr\/index.php?rest_route=\/wp\/v2\/pages\/585"}],"wp:attachment":[{"href":"https:\/\/www.djahiz.fr\/index.php?rest_route=%2Fwp%2Fv2%2Fmedia&parent=611"}],"curies":[{"name":"wp","href":"https:\/\/api.w.org\/{rel}","templated":true}]}}